{"id":727,"date":"2025-12-15T13:43:56","date_gmt":"2025-12-15T13:43:56","guid":{"rendered":"https:\/\/www.theartofbackgammon.com\/?post_type=product&#038;p=727"},"modified":"2026-02-02T14:03:02","modified_gmt":"2026-02-02T14:03:02","slug":"backgammon-orange-acajou-et-blanc","status":"publish","type":"product","link":"http:\/\/www.theartofbackgammon.com\/fr\/shop\/backgammon-orange-acajou-et-blanc\/","title":{"rendered":"\u00a0Backgammon bicouleur mahogany\/Tan , Mahogany Blanc fond Orange ."},"content":{"rendered":"<ul>\n<li>\u00a0Backgammon bicouleur mahogany\/Tan , Mahogany Blanc fond Orange .<\/li>\n<li>Dimensions ferm\u00e9 51,7 X 34,5\u00a0 (cm)<\/li>\n<li>poids 4 kg<\/li>\n<li>Anneaux rainur\u00e9 peinture c\u00e9ramique dor\u00e9 verni 42 mm<\/li>\n<li>\u00a0Housse de protection en croute de cuir<\/li>\n<li>2 Gobelets<\/li>\n<li>D\u00e9s doubleur cuir 30 mm<\/li>\n<\/ul>","protected":false},"excerpt":{"rendered":"<p>\u00a0Backgammon bicouleur mahogany\/Tan , Mahogany Blanc fond Orange . Dimensions ferm\u00e9 51,7 X 34,5\u00a0 (cm) poids 4 kg Anneaux rainur\u00e9 peinture c\u00e9ramique dor\u00e9 verni 42 mm \u00a0Housse de protection en croute de cuir 2 Gobelets D\u00e9s doubleur cuir 30 mm<\/p>","protected":false},"featured_media":1190,"comment_status":"open","ping_status":"closed","template":"","meta":{"_acf_changed":false},"product_brand":[],"product_cat":[24],"product_tag":[],"class_list":{"0":"post-727","1":"product","2":"type-product","3":"status-publish","4":"has-post-thumbnail","6":"product_cat-backgammons","8":"first","9":"instock","10":"sold-individually","11":"taxable","12":"shipping-taxable","13":"purchasable","14":"product-type-simple"},"acf":[],"_links":{"self":[{"href":"http:\/\/www.theartofbackgammon.com\/fr\/wp-json\/wp\/v2\/product\/727","targetHints":{"allow":["GET"]}}],"collection":[{"href":"http:\/\/www.theartofbackgammon.com\/fr\/wp-json\/wp\/v2\/product"}],"about":[{"href":"http:\/\/www.theartofbackgammon.com\/fr\/wp-json\/wp\/v2\/types\/product"}],"replies":[{"embeddable":true,"href":"http:\/\/www.theartofbackgammon.com\/fr\/wp-json\/wp\/v2\/comments?post=727"}],"wp:featuredmedia":[{"embeddable":true,"href":"http:\/\/www.theartofbackgammon.com\/fr\/wp-json\/wp\/v2\/media\/1190"}],"wp:attachment":[{"href":"http:\/\/www.theartofbackgammon.com\/fr\/wp-json\/wp\/v2\/media?parent=727"}],"wp:term":[{"taxonomy":"product_brand","embeddable":true,"href":"http:\/\/www.theartofbackgammon.com\/fr\/wp-json\/wp\/v2\/product_brand?post=727"},{"taxonomy":"product_cat","embeddable":true,"href":"http:\/\/www.theartofbackgammon.com\/fr\/wp-json\/wp\/v2\/product_cat?post=727"},{"taxonomy":"product_tag","embeddable":true,"href":"http:\/\/www.theartofbackgammon.com\/fr\/wp-json\/wp\/v2\/product_tag?post=727"}],"curies":[{"name":"wp","href":"https:\/\/api.w.org\/{rel}","templated":true}]}}