{"id":732,"date":"2025-12-15T15:15:54","date_gmt":"2025-12-15T15:15:54","guid":{"rendered":"https:\/\/www.theartofbackgammon.com\/?page_id=732"},"modified":"2026-02-06T14:58:54","modified_gmt":"2026-02-06T14:58:54","slug":"who-am-i","status":"publish","type":"page","link":"http:\/\/www.theartofbackgammon.com\/fr\/who-am-i\/","title":{"rendered":"WHO AM I"},"content":{"rendered":"<div data-elementor-type=\"wp-page\" data-elementor-id=\"732\" class=\"elementor elementor-732\" data-elementor-post-type=\"page\">\n\t\t\t\t<div class=\"elementor-element elementor-element-48ecc625 e-flex e-con-boxed e-con e-parent\" data-id=\"48ecc625\" data-element_type=\"container\" data-e-type=\"container\">\n\t\t\t\t\t<div class=\"e-con-inner\">\n\t\t\t\t<div class=\"elementor-element elementor-element-43ffe901 elementor-invisible elementor-widget elementor-widget-heading\" data-id=\"43ffe901\" data-element_type=\"widget\" data-e-type=\"widget\" data-settings=\"{&quot;_animation&quot;:&quot;fadeInUp&quot;}\" data-widget_type=\"heading.default\">\n\t\t\t\t\t<h2 class=\"elementor-heading-title elementor-size-default\">L'art du backgammon, 30 ans de savoir-faire artisanal<\/h2>\t\t\t\t<\/div>\n\t\t\t\t<div class=\"elementor-element elementor-element-256d46d0 elementor-widget__width-initial elementor-widget elementor-widget-text-editor\" data-id=\"256d46d0\" data-element_type=\"widget\" data-e-type=\"widget\" data-widget_type=\"text-editor.default\">\n\t\t\t\t\t\t\t\t\t<p>\u00ab Le cuir absorbe le temps et les parties que vous jouez, puis les restitue sous la forme d'une belle patine. Nos jeux de backgammon ne vieillissent pas, ils embellissent \u00e0 chaque partie. \u00bb<\/p>\t\t\t\t\t\t\t\t<\/div>\n\t\t\t\t<div class=\"elementor-element elementor-element-588c2e5 elementor-widget-divider--view-line elementor-widget elementor-widget-divider\" data-id=\"588c2e5\" data-element_type=\"widget\" data-e-type=\"widget\" data-widget_type=\"divider.default\">\n\t\t\t\t\t\t\t<div class=\"elementor-divider\">\n\t\t\t<span class=\"elementor-divider-separator\">\n\t\t\t\t\t\t<\/span>\n\t\t<\/div>\n\t\t\t\t\t\t<\/div>\n\t\t\t\t<div class=\"elementor-element elementor-element-ff1c530 elementor-widget elementor-widget-image\" data-id=\"ff1c530\" data-element_type=\"widget\" data-e-type=\"widget\" data-widget_type=\"image.default\">\n\t\t\t\t\t\t\t\t\t\t\t\t\t\t\t<img fetchpriority=\"high\" decoding=\"async\" width=\"1536\" height=\"740\" src=\"https:\/\/www.theartofbackgammon.com\/wp-content\/uploads\/2025\/12\/theartofbackgammon_mahogany_orange_mahogany_and_white_dice_components_detail-1536x740.webp\" class=\"attachment-1536x1536 size-1536x1536 wp-image-1188\" alt=\"\" srcset=\"https:\/\/www.theartofbackgammon.com\/wp-content\/uploads\/2025\/12\/theartofbackgammon_mahogany_orange_mahogany_and_white_dice_components_detail-1536x740.webp 1536w, https:\/\/www.theartofbackgammon.com\/wp-content\/uploads\/2025\/12\/theartofbackgammon_mahogany_orange_mahogany_and_white_dice_components_detail-300x145.webp 300w, https:\/\/www.theartofbackgammon.com\/wp-content\/uploads\/2025\/12\/theartofbackgammon_mahogany_orange_mahogany_and_white_dice_components_detail-150x72.webp 150w, https:\/\/www.theartofbackgammon.com\/wp-content\/uploads\/2025\/12\/theartofbackgammon_mahogany_orange_mahogany_and_white_dice_components_detail-768x370.webp 768w, https:\/\/www.theartofbackgammon.com\/wp-content\/uploads\/2025\/12\/theartofbackgammon_mahogany_orange_mahogany_and_white_dice_components_detail-18x9.webp 18w, https:\/\/www.theartofbackgammon.com\/wp-content\/uploads\/2025\/12\/theartofbackgammon_mahogany_orange_mahogany_and_white_dice_components_detail-1200x578.webp 1200w, https:\/\/www.theartofbackgammon.com\/wp-content\/uploads\/2025\/12\/theartofbackgammon_mahogany_orange_mahogany_and_white_dice_components_detail.webp 1780w\" sizes=\"(max-width: 1536px) 100vw, 1536px\" \/>\t\t\t\t\t\t\t\t\t\t\t\t\t\t\t<\/div>\n\t\t\t\t\t<\/div>\n\t\t\t\t<\/div>\n\t\t<div class=\"elementor-element elementor-element-6a465ea6 e-flex e-con-boxed e-con e-parent\" data-id=\"6a465ea6\" data-element_type=\"container\" data-e-type=\"container\">\n\t\t\t\t\t<div class=\"e-con-inner\">\n\t\t<div class=\"elementor-element elementor-element-770cec66 e-con-full e-flex e-con e-child\" data-id=\"770cec66\" data-element_type=\"container\" data-e-type=\"container\">\n\t\t\t\t<div class=\"elementor-element elementor-element-1de12dfa elementor-widget elementor-widget-heading\" data-id=\"1de12dfa\" data-element_type=\"widget\" data-e-type=\"widget\" data-widget_type=\"heading.default\">\n\t\t\t\t\t<h6 class=\"elementor-heading-title elementor-size-default\">De la passion au chef-d'\u0153uvre : un parcours marqu\u00e9 par le d\u00e9vouement<\/h6>\t\t\t\t<\/div>\n\t\t\t\t<div class=\"elementor-element elementor-element-41a4ad0f elementor-widget__width-initial elementor-widget elementor-widget-heading\" data-id=\"41a4ad0f\" data-element_type=\"widget\" data-e-type=\"widget\" data-widget_type=\"heading.default\">\n\t\t\t\t\t<h2 class=\"elementor-heading-title elementor-size-default\">Histoire de l'art du backgammon<\/h2>\t\t\t\t<\/div>\n\t\t\t\t<div class=\"elementor-element elementor-element-dc733c4 elementor-widget-divider--view-line elementor-widget elementor-widget-divider\" data-id=\"dc733c4\" data-element_type=\"widget\" data-e-type=\"widget\" data-widget_type=\"divider.default\">\n\t\t\t\t\t\t\t<div class=\"elementor-divider\">\n\t\t\t<span class=\"elementor-divider-separator\">\n\t\t\t\t\t\t<\/span>\n\t\t<\/div>\n\t\t\t\t\t\t<\/div>\n\t\t\t\t<div class=\"elementor-element elementor-element-2f2e23d5 elementor-widget elementor-widget-text-editor\" data-id=\"2f2e23d5\" data-element_type=\"widget\" data-e-type=\"widget\" data-widget_type=\"text-editor.default\">\n\t\t\t\t\t\t\t\t\t<p class=\"first:mt-1.5!\">L'histoire a commenc\u00e9 il y a 30 ans, lorsque j'ai fabriqu\u00e9 \u00e0 la main mon tout premier plateau de backgammon. Ce qui n'\u00e9tait au d\u00e9part qu'un simple amour pour le jeu et les mat\u00e9riaux nobles est rapidement devenu une vocation.<\/p><p class=\"first:mt-1.5!\">Au fil des ans, j'ai affin\u00e9 mes techniques, perfectionn\u00e9 chaque d\u00e9tail et d\u00e9velopp\u00e9 un style caract\u00e9ristique qui allie des lignes \u00e9pur\u00e9es, des mat\u00e9riaux nobles et un profond respect pour la tradition. Aujourd'hui, mes plateaux sont destin\u00e9s aux collectionneurs, aux connaisseurs et aux joueurs qui consid\u00e8rent le backgammon comme plus qu'un simple jeu, mais comme un v\u00e9ritable art de vivre.<\/p>\t\t\t\t\t\t\t\t<\/div>\n\t\t\t\t<\/div>\n\t\t<div class=\"elementor-element elementor-element-54fea687 e-con-full e-flex e-con e-child\" data-id=\"54fea687\" data-element_type=\"container\" data-e-type=\"container\">\n\t\t\t\t<div class=\"elementor-element elementor-element-2e28a21c elementor-widget__width-initial animated-slow elementor-invisible elementor-widget elementor-widget-image\" data-id=\"2e28a21c\" data-element_type=\"widget\" data-e-type=\"widget\" data-settings=\"{&quot;_animation&quot;:&quot;fadeInRight&quot;}\" data-widget_type=\"image.default\">\n\t\t\t\t\t\t\t\t\t\t\t\t\t\t\t<img decoding=\"async\" src=\"https:\/\/www.theartofbackgammon.com\/wp-content\/uploads\/elementor\/thumbs\/imgi_4_image-768x768-1-rh9mjraruf0jsnbs03n10roy5kce8vajccp2swnxc8.jpg\" title=\"imgi_4_image-768&#215;768\" alt=\"imgi_4_image-768x768\" loading=\"lazy\" \/>\t\t\t\t\t\t\t\t\t\t\t\t\t\t\t<\/div>\n\t\t\t\t<\/div>\n\t\t\t\t\t<\/div>\n\t\t\t\t<\/div>\n\t\t<div class=\"elementor-element elementor-element-5aa05298 e-flex e-con-boxed e-con e-parent\" data-id=\"5aa05298\" data-element_type=\"container\" data-e-type=\"container\" data-settings=\"{&quot;background_background&quot;:&quot;classic&quot;}\">\n\t\t\t\t\t<div class=\"e-con-inner\">\n\t\t<div class=\"elementor-element elementor-element-67ed1aab e-con-full e-flex e-con e-child\" data-id=\"67ed1aab\" data-element_type=\"container\" data-e-type=\"container\" data-settings=\"{&quot;background_background&quot;:&quot;classic&quot;}\">\n\t\t\t\t<div class=\"elementor-element elementor-element-2174648b animated-slow elementor-invisible elementor-widget elementor-widget-image\" data-id=\"2174648b\" data-element_type=\"widget\" data-e-type=\"widget\" data-settings=\"{&quot;_animation&quot;:&quot;fadeInDown&quot;}\" data-widget_type=\"image.default\">\n\t\t\t\t\t\t\t\t\t\t\t\t\t\t\t<img decoding=\"async\" src=\"https:\/\/www.theartofbackgammon.com\/wp-content\/uploads\/elementor\/thumbs\/imgi_66_image-rh9mjraruezp3rbchzmc83xxkso3c1brg4gbrgvgrw.jpg\" title=\"imgi_66_image\" alt=\"luxury backgammon set with leather board\" loading=\"lazy\" \/>\t\t\t\t\t\t\t\t\t\t\t\t\t\t\t<\/div>\n\t\t\t\t<\/div>\n\t\t<div class=\"elementor-element elementor-element-33381cec animated-slow e-flex e-con-boxed elementor-invisible e-con e-child\" data-id=\"33381cec\" data-element_type=\"container\" data-e-type=\"container\" data-settings=\"{&quot;animation&quot;:&quot;fadeInRight&quot;}\">\n\t\t\t\t\t<div class=\"e-con-inner\">\n\t\t\t\t<div class=\"elementor-element elementor-element-6078c180 elementor-widget elementor-widget-heading\" data-id=\"6078c180\" data-element_type=\"widget\" data-e-type=\"widget\" data-widget_type=\"heading.default\">\n\t\t\t\t\t<h6 class=\"elementor-heading-title elementor-size-default\">Quand tradition rime avec savoir-faire artisanal minutieux<\/h6>\t\t\t\t<\/div>\n\t\t\t\t<div class=\"elementor-element elementor-element-32223aec elementor-widget__width-initial elementor-widget elementor-widget-heading\" data-id=\"32223aec\" data-element_type=\"widget\" data-e-type=\"widget\" data-widget_type=\"heading.default\">\n\t\t\t\t\t<h2 class=\"elementor-heading-title elementor-size-default\">Un atelier d\u00e9di\u00e9 \u00e0 l'excellence<\/h2>\t\t\t\t<\/div>\n\t\t\t\t<div class=\"elementor-element elementor-element-2b47b9b elementor-widget-divider--view-line elementor-widget elementor-widget-divider\" data-id=\"2b47b9b\" data-element_type=\"widget\" data-e-type=\"widget\" data-widget_type=\"divider.default\">\n\t\t\t\t\t\t\t<div class=\"elementor-divider\">\n\t\t\t<span class=\"elementor-divider-separator\">\n\t\t\t\t\t\t<\/span>\n\t\t<\/div>\n\t\t\t\t\t\t<\/div>\n\t\t\t\t<div class=\"elementor-element elementor-element-6791c24e elementor-widget elementor-widget-text-editor\" data-id=\"6791c24e\" data-element_type=\"widget\" data-e-type=\"widget\" data-widget_type=\"text-editor.default\">\n\t\t\t\t\t\t\t\t\t<p class=\"first:mt-1.5!\">Chaque plateau de backgammon est enti\u00e8rement fabriqu\u00e9 \u00e0 la main dans mon atelier. Je s\u00e9lectionne personnellement chaque morceau de bois, chaque peau de cuir et chaque incrustation afin de garantir une harmonie parfaite entre la texture, la couleur et le grain.<\/p><p class=\"first:mt-1.5!\">De la premi\u00e8re esquisse \u00e0 la touche finale, rien n'est laiss\u00e9 au hasard. Les bords sont finis \u00e0 la main, les surfaces sont m\u00e9ticuleusement ponc\u00e9es et chaque \u00e9l\u00e9ment est assembl\u00e9 avec une pr\u00e9cision millim\u00e9trique afin que la planche soit aussi belle \u00e0 regarder qu'agr\u00e9able \u00e0 jouer.<\/p>\t\t\t\t\t\t\t\t<\/div>\n\t\t\t\t\t<\/div>\n\t\t\t\t<\/div>\n\t\t\t\t\t<\/div>\n\t\t\t\t<\/div>\n\t\t<div class=\"elementor-element elementor-element-3401a1e8 e-flex e-con-boxed e-con e-parent\" data-id=\"3401a1e8\" data-element_type=\"container\" data-e-type=\"container\">\n\t\t\t\t\t<div class=\"e-con-inner\">\n\t\t<div class=\"elementor-element elementor-element-30039a4d e-con-full animated-slow e-flex elementor-invisible e-con e-child\" data-id=\"30039a4d\" data-element_type=\"container\" data-e-type=\"container\" data-settings=\"{&quot;animation&quot;:&quot;fadeInUp&quot;}\">\n\t\t\t\t<div class=\"elementor-element elementor-element-7fcbc8fe elementor-widget elementor-widget-heading\" data-id=\"7fcbc8fe\" data-element_type=\"widget\" data-e-type=\"widget\" data-widget_type=\"heading.default\">\n\t\t\t\t\t<h6 class=\"elementor-heading-title elementor-size-default\">Cr\u00e9er des objets de famille, pas seulement des jeux<\/h6>\t\t\t\t<\/div>\n\t\t\t\t<div class=\"elementor-element elementor-element-4331e486 elementor-widget__width-initial elementor-widget elementor-widget-heading\" data-id=\"4331e486\" data-element_type=\"widget\" data-e-type=\"widget\" data-widget_type=\"heading.default\">\n\t\t\t\t\t<h2 class=\"elementor-heading-title elementor-size-default\">L'esprit de la marque<\/h2>\t\t\t\t<\/div>\n\t\t\t\t<div class=\"elementor-element elementor-element-0aea221 elementor-widget-divider--view-line elementor-widget elementor-widget-divider\" data-id=\"0aea221\" data-element_type=\"widget\" data-e-type=\"widget\" data-widget_type=\"divider.default\">\n\t\t\t\t\t\t\t<div class=\"elementor-divider\">\n\t\t\t<span class=\"elementor-divider-separator\">\n\t\t\t\t\t\t<\/span>\n\t\t<\/div>\n\t\t\t\t\t\t<\/div>\n\t\t\t\t<div class=\"elementor-element elementor-element-5f61347 elementor-widget elementor-widget-text-editor\" data-id=\"5f61347\" data-element_type=\"widget\" data-e-type=\"widget\" data-widget_type=\"text-editor.default\">\n\t\t\t\t\t\t\t\t\t<p class=\"first:mt-1.5!\">Ma philosophie est simple : le v\u00e9ritable luxe r\u00e9side dans ce qui ne peut \u00eatre industrialis\u00e9 : le travail manuel, le souci du d\u00e9tail, le temps consacr\u00e9 \u00e0 bien faire les choses.<\/p><p class=\"first:mt-1.5!\">Je cr\u00e9e des plateaux de backgammon con\u00e7us pour durer, \u00eatre utilis\u00e9s, aim\u00e9s et transmis. Chaque pi\u00e8ce est unique, avec son propre caract\u00e8re, sa propre histoire et un peu de la mienne.<\/p>\t\t\t\t\t\t\t\t<\/div>\n\t\t\t\t<\/div>\n\t\t<div class=\"elementor-element elementor-element-1b131e0 e-con-full e-flex e-con e-child\" data-id=\"1b131e0\" data-element_type=\"container\" data-e-type=\"container\">\n\t\t\t\t<div class=\"elementor-element elementor-element-75c1bc49 elementor-invisible elementor-widget elementor-widget-image\" data-id=\"75c1bc49\" data-element_type=\"widget\" data-e-type=\"widget\" data-settings=\"{&quot;_animation&quot;:&quot;fadeInRight&quot;}\" data-widget_type=\"image.default\">\n\t\t\t\t\t\t\t\t\t\t\t\t\t\t\t<img decoding=\"async\" src=\"https:\/\/www.theartofbackgammon.com\/wp-content\/uploads\/elementor\/thumbs\/theartofbackgammon_mahogany_white_and_orange_open_board_side_detail-rh9mjraruezp3rbchzmc83xxkso3c1brg4gbrgvgrw.webp\" title=\"theartofbackgammon_mahogany_white_and_orange_open_board_side_detail\" alt=\"theartofbackgammon_mahogany_white_and_orange_open_board_side_detail\" loading=\"lazy\" \/>\t\t\t\t\t\t\t\t\t\t\t\t\t\t\t<\/div>\n\t\t\t\t<\/div>\n\t\t\t\t\t<\/div>\n\t\t\t\t<\/div>\n\t\t<div class=\"elementor-element elementor-element-1c751bfd e-flex e-con-boxed e-con e-parent\" data-id=\"1c751bfd\" data-element_type=\"container\" data-e-type=\"container\" data-settings=\"{&quot;background_background&quot;:&quot;classic&quot;}\">\n\t\t\t\t\t<div class=\"e-con-inner\">\n\t\t<div class=\"elementor-element elementor-element-5be1cef e-con-full e-flex e-con e-child\" data-id=\"5be1cef\" data-element_type=\"container\" data-e-type=\"container\">\n\t\t\t\t<div class=\"elementor-element elementor-element-22b1acf5 elementor-invisible elementor-widget elementor-widget-image\" data-id=\"22b1acf5\" data-element_type=\"widget\" data-e-type=\"widget\" data-settings=\"{&quot;_animation&quot;:&quot;fadeInRight&quot;}\" data-widget_type=\"image.default\">\n\t\t\t\t\t\t\t\t\t\t\t\t\t\t\t<img decoding=\"async\" src=\"https:\/\/www.theartofbackgammon.com\/wp-content\/uploads\/elementor\/thumbs\/des-doubleur-rhliiwd1lpm6q7065uasftf4ide1p36w9rtam2bhu0.webp\" title=\"des doubleur\" alt=\"des doubleur\" loading=\"lazy\" \/>\t\t\t\t\t\t\t\t\t\t\t\t\t\t\t<\/div>\n\t\t\t\t<\/div>\n\t\t<div class=\"elementor-element elementor-element-78ea9d94 e-con-full e-flex e-con e-child\" data-id=\"78ea9d94\" data-element_type=\"container\" data-e-type=\"container\">\n\t\t<div class=\"elementor-element elementor-element-5c5ec5ff e-con-full e-flex e-con e-child\" data-id=\"5c5ec5ff\" data-element_type=\"container\" data-e-type=\"container\">\n\t\t\t\t<div class=\"elementor-element elementor-element-794bdb37 elementor-widget elementor-widget-heading\" data-id=\"794bdb37\" data-element_type=\"widget\" data-e-type=\"widget\" data-widget_type=\"heading.default\">\n\t\t\t\t\t<h6 class=\"elementor-heading-title elementor-size-default\">Transformer chaque rouleau en une exp\u00e9rience unique<\/h6>\t\t\t\t<\/div>\n\t\t\t\t<div class=\"elementor-element elementor-element-4306caef elementor-widget__width-initial elementor-widget elementor-widget-heading\" data-id=\"4306caef\" data-element_type=\"widget\" data-e-type=\"widget\" data-widget_type=\"heading.default\">\n\t\t\t\t\t<h2 class=\"elementor-heading-title elementor-size-default\">Au-del\u00e0 du jeu<\/h2>\t\t\t\t<\/div>\n\t\t\t\t<div class=\"elementor-element elementor-element-8128bfc elementor-widget-divider--view-line elementor-widget elementor-widget-divider\" data-id=\"8128bfc\" data-element_type=\"widget\" data-e-type=\"widget\" data-widget_type=\"divider.default\">\n\t\t\t\t\t\t\t<div class=\"elementor-divider\">\n\t\t\t<span class=\"elementor-divider-separator\">\n\t\t\t\t\t\t<\/span>\n\t\t<\/div>\n\t\t\t\t\t\t<\/div>\n\t\t\t\t<div class=\"elementor-element elementor-element-43e92952 elementor-widget elementor-widget-text-editor\" data-id=\"43e92952\" data-element_type=\"widget\" data-e-type=\"widget\" data-widget_type=\"text-editor.default\">\n\t\t\t\t\t\t\t\t\t<p class=\"first:mt-1.5!\">Un plateau de backgammon est \u00e0 la fois un jeu, un objet design et une d\u00e9claration personnelle. Il occupe une place centrale dans une maison, un club, un yacht ou un salon, o\u00f9 se m\u00ealent conversations, strat\u00e9gie et convivialit\u00e9.<\/p><p class=\"first:mt-1.5!\">Mon ambition est de cr\u00e9er des pi\u00e8ces qui transforment chaque moment de jeu en une exp\u00e9rience unique, o\u00f9 le toucher du cuir, le bruit des pions et la beaut\u00e9 du plateau sont tout aussi importants que le jeu lui-m\u00eame.<\/p>\t\t\t\t\t\t\t\t<\/div>\n\t\t\t\t<\/div>\n\t\t\t\t<\/div>\n\t\t\t\t\t<\/div>\n\t\t\t\t<\/div>\n\t\t<div class=\"elementor-element elementor-element-78a8f00f e-flex e-con-boxed e-con e-parent\" data-id=\"78a8f00f\" data-element_type=\"container\" data-e-type=\"container\">\n\t\t\t\t\t<div class=\"e-con-inner\">\n\t\t<div class=\"elementor-element elementor-element-38346c1d e-flex e-con-boxed elementor-invisible e-con e-child\" data-id=\"38346c1d\" data-element_type=\"container\" data-e-type=\"container\" data-settings=\"{&quot;animation&quot;:&quot;fadeInLeft&quot;}\">\n\t\t\t\t\t<div class=\"e-con-inner\">\n\t\t\t\t<div class=\"elementor-element elementor-element-1859f9e7 elementor-widget elementor-widget-heading\" data-id=\"1859f9e7\" data-element_type=\"widget\" data-e-type=\"widget\" data-widget_type=\"heading.default\">\n\t\t\t\t\t<h6 class=\"elementor-heading-title elementor-size-default\">DERNI\u00c8RE COLLECTION<\/h6>\t\t\t\t<\/div>\n\t\t\t\t<div class=\"elementor-element elementor-element-5d9ca83b elementor-widget elementor-widget-heading\" data-id=\"5d9ca83b\" data-element_type=\"widget\" data-e-type=\"widget\" data-widget_type=\"heading.default\">\n\t\t\t\t\t<h2 class=\"elementor-heading-title elementor-size-default\">D\u00e9couvrez nos plateaux de backgammon exclusifs<\/h2>\t\t\t\t<\/div>\n\t\t\t\t<div class=\"elementor-element elementor-element-d5d9665 elementor-widget-divider--view-line elementor-widget elementor-widget-divider\" data-id=\"d5d9665\" data-element_type=\"widget\" data-e-type=\"widget\" data-widget_type=\"divider.default\">\n\t\t\t\t\t\t\t<div class=\"elementor-divider\">\n\t\t\t<span class=\"elementor-divider-separator\">\n\t\t\t\t\t\t<\/span>\n\t\t<\/div>\n\t\t\t\t\t\t<\/div>\n\t\t\t\t<div class=\"elementor-element elementor-element-535c623d elementor-widget elementor-widget-text-editor\" data-id=\"535c623d\" data-element_type=\"widget\" data-e-type=\"widget\" data-widget_type=\"text-editor.default\">\n\t\t\t\t\t\t\t\t\t<p>D\u00e9couvrez nos derniers plateaux de backgammon fabriqu\u00e9s \u00e0 la main, con\u00e7us pour les joueurs et les collectionneurs exigeants. Chaque pi\u00e8ce allie des mat\u00e9riaux nobles, une esth\u00e9tique intemporelle et un confort de jeu exceptionnel.<\/p>\t\t\t\t\t\t\t\t<\/div>\n\t\t\t\t<div class=\"elementor-element elementor-element-38f2b5c6 elementor-tablet-align-center elementor-laptop-align-center elementor-widget elementor-widget-button\" data-id=\"38f2b5c6\" data-element_type=\"widget\" data-e-type=\"widget\" data-widget_type=\"button.default\">\n\t\t\t\t\t\t\t\t\t\t<a class=\"elementor-button elementor-button-link elementor-size-sm elementor-animation-shrink\" href=\"http:\/\/www.theartofbackgammon.com\/fr\/shop\/\">\n\t\t\t\t\t\t<span class=\"elementor-button-content-wrapper\">\n\t\t\t\t\t\t<span class=\"elementor-button-icon\">\n\t\t\t\t<i aria-hidden=\"true\" class=\"icon icon-right-arrow\"><\/i>\t\t\t<\/span>\n\t\t\t\t\t\t\t\t\t<span class=\"elementor-button-text\">D\u00c9COUVREZ LA COLLECTION<\/span>\n\t\t\t\t\t<\/span>\n\t\t\t\t\t<\/a>\n\t\t\t\t\t\t\t\t<\/div>\n\t\t\t\t\t<\/div>\n\t\t\t\t<\/div>\n\t\t\t\t\t<\/div>\n\t\t\t\t<\/div>\n\t\t\t\t<\/div>","protected":false},"excerpt":{"rendered":"<p>The Art of Backgammon, 30 Years of Craftsmanship &#8220;Leather absorbs time and the games you play, then gives it back as a beautiful patina. Our backgammon sets don\u2019t grow old \u2013 they grow more beautiful with every match.&#8221; From Passion to Masterpiece: A Journey of Dedication Story of The Art Of Backgammon The story began [&hellip;]<\/p>\n","protected":false},"author":1,"featured_media":0,"parent":0,"menu_order":0,"comment_status":"closed","ping_status":"closed","template":"elementor_header_footer","meta":{"_acf_changed":false,"footnotes":""},"class_list":["post-732","page","type-page","status-publish","hentry"],"acf":[],"_links":{"self":[{"href":"http:\/\/www.theartofbackgammon.com\/fr\/wp-json\/wp\/v2\/pages\/732","targetHints":{"allow":["GET"]}}],"collection":[{"href":"http:\/\/www.theartofbackgammon.com\/fr\/wp-json\/wp\/v2\/pages"}],"about":[{"href":"http:\/\/www.theartofbackgammon.com\/fr\/wp-json\/wp\/v2\/types\/page"}],"author":[{"embeddable":true,"href":"http:\/\/www.theartofbackgammon.com\/fr\/wp-json\/wp\/v2\/users\/1"}],"replies":[{"embeddable":true,"href":"http:\/\/www.theartofbackgammon.com\/fr\/wp-json\/wp\/v2\/comments?post=732"}],"version-history":[{"count":205,"href":"http:\/\/www.theartofbackgammon.com\/fr\/wp-json\/wp\/v2\/pages\/732\/revisions"}],"predecessor-version":[{"id":1999,"href":"http:\/\/www.theartofbackgammon.com\/fr\/wp-json\/wp\/v2\/pages\/732\/revisions\/1999"}],"wp:attachment":[{"href":"http:\/\/www.theartofbackgammon.com\/fr\/wp-json\/wp\/v2\/media?parent=732"}],"curies":[{"name":"wp","href":"https:\/\/api.w.org\/{rel}","templated":true}]}}